{"id":210,"date":"2020-08-14T00:33:51","date_gmt":"2020-08-14T00:33:51","guid":{"rendered":"https:\/\/cocaconsultinggroup.com\/?page_id=210"},"modified":"2023-12-19T22:23:15","modified_gmt":"2023-12-19T22:23:15","slug":"ccg","status":"publish","type":"page","link":"https:\/\/cocaconsultinggroup.com\/","title":{"rendered":"COCA CONSULTING GROUP"},"content":{"rendered":"\n<p><\/p>\n\n\n\n<p>QUI\u00c9NES SOMOS?<\/p>\n\n\n\n<p><strong>S<\/strong>omos una agencia especializada en el desarrollo de proyectos de comunicaci\u00f3n, imagen, publicidad y mercadotecnia, enfocamos nuestros esfuerzos en el an\u00e1lisis, desarrollo e implementaci\u00f3n de estrategias en dise\u00f1o y branding, marketing digital, directo, integrado, experiencial y viral para clientes B2B y B2C.<\/p>\n\n\n\n<p><strong>N<\/strong>os enfocamos en el estudio de las necesidades primarias de una empresa u organizaci\u00f3n con el \u00fanico objetivo de encontrar \u00e1reas de oportunidad en materia de difusi\u00f3n e impacto de ideas, proyectos, productos o servicios<\/p>\n\n\n\n<p><strong>S<\/strong>omos un equipo joven e interdisciplinario cuyo&nbsp;<em><strong>expertice<\/strong><\/em>&nbsp;en diferentes \u00e1reas de la comunicaci\u00f3n y mercadotecnia ha desarrollado una metodolog\u00eda integral orientada a la maximizaci\u00f3n de resultados y beneficios tanto cualitativos como cuantitativos.<\/p>\n\n\n\n<figure class=\"wp-block-image size-large\"><img loading=\"lazy\" decoding=\"async\" width=\"1024\" height=\"669\" src=\"https:\/\/cocaconsultinggroup.com\/wp-content\/uploads\/2020\/02\/IMG_6125-1024x669.jpg\" alt=\"\" class=\"wp-image-118\" srcset=\"https:\/\/cocaconsultinggroup.com\/wp-content\/uploads\/2020\/02\/IMG_6125-1024x669.jpg 1024w, https:\/\/cocaconsultinggroup.com\/wp-content\/uploads\/2020\/02\/IMG_6125-300x196.jpg 300w, https:\/\/cocaconsultinggroup.com\/wp-content\/uploads\/2020\/02\/IMG_6125-768x502.jpg 768w, https:\/\/cocaconsultinggroup.com\/wp-content\/uploads\/2020\/02\/IMG_6125.jpg 1085w\" sizes=\"auto, (max-width: 1024px) 100vw, 1024px\" \/><\/figure>\n","protected":false},"excerpt":{"rendered":"<p>QUI\u00c9NES SOMOS? Somos una agencia especializada en el desarrollo de proyectos de comunicaci\u00f3n, imagen, publicidad y mercadotecnia, enfocamos nuestros esfuerzos en el an\u00e1lisis, desarrollo e implementaci\u00f3n de estrategias en dise\u00f1o y branding, marketing digital, directo, integrado, experiencial y viral para clientes B2B y B2C. Nos enfocamos en el estudio de las necesidades primarias de una<\/p>\n","protected":false},"author":1,"featured_media":0,"parent":0,"menu_order":0,"comment_status":"closed","ping_status":"closed","template":"","meta":{"_joinchat":[],"footnotes":""},"class_list":["post-210","page","type-page","status-publish","hentry"],"_links":{"self":[{"href":"https:\/\/cocaconsultinggroup.com\/index.php\/wp-json\/wp\/v2\/pages\/210","targetHints":{"allow":["GET"]}}],"collection":[{"href":"https:\/\/cocaconsultinggroup.com\/index.php\/wp-json\/wp\/v2\/pages"}],"about":[{"href":"https:\/\/cocaconsultinggroup.com\/index.php\/wp-json\/wp\/v2\/types\/page"}],"author":[{"embeddable":true,"href":"https:\/\/cocaconsultinggroup.com\/index.php\/wp-json\/wp\/v2\/users\/1"}],"replies":[{"embeddable":true,"href":"https:\/\/cocaconsultinggroup.com\/index.php\/wp-json\/wp\/v2\/comments?post=210"}],"version-history":[{"count":5,"href":"https:\/\/cocaconsultinggroup.com\/index.php\/wp-json\/wp\/v2\/pages\/210\/revisions"}],"predecessor-version":[{"id":427,"href":"https:\/\/cocaconsultinggroup.com\/index.php\/wp-json\/wp\/v2\/pages\/210\/revisions\/427"}],"wp:attachment":[{"href":"https:\/\/cocaconsultinggroup.com\/index.php\/wp-json\/wp\/v2\/media?parent=210"}],"curies":[{"name":"wp","href":"https:\/\/api.w.org\/{rel}","templated":true}]}}